{"id":9546,"date":"2014-01-20T18:16:32","date_gmt":"2014-01-20T23:16:32","guid":{"rendered":"https:\/\/kimmelpsychology.com\/formularios\/"},"modified":"2025-04-20T16:10:08","modified_gmt":"2025-04-20T20:10:08","slug":"formularios","status":"publish","type":"page","link":"https:\/\/kimmelpsychology.com\/es\/formularios\/","title":{"rendered":"Formularios"},"content":{"rendered":"\t\t<div data-elementor-type=\"wp-page\" data-elementor-id=\"9546\" class=\"elementor elementor-9546 elementor-14\" data-elementor-post-type=\"page\">\n\t\t\t\t\t\t<section class=\"elementor-section elementor-top-section elementor-element elementor-element-52fbb134 elementor-section-height-min-height elementor-section-content-middle elementor-section-boxed elementor-section-height-default elementor-section-items-middle\" data-id=\"52fbb134\" data-element_type=\"section\" data-e-type=\"section\" data-settings=\"{&quot;background_background&quot;:&quot;classic&quot;,&quot;background_motion_fx_motion_fx_scrolling&quot;:&quot;yes&quot;,&quot;background_motion_fx_translateY_effect&quot;:&quot;yes&quot;,&quot;background_motion_fx_translateY_speed&quot;:{&quot;unit&quot;:&quot;px&quot;,&quot;size&quot;:4,&quot;sizes&quot;:[]},&quot;background_motion_fx_translateY_affectedRange&quot;:{&quot;unit&quot;:&quot;%&quot;,&quot;size&quot;:&quot;&quot;,&quot;sizes&quot;:{&quot;start&quot;:0,&quot;end&quot;:100}},&quot;background_motion_fx_devices&quot;:[&quot;desktop&quot;,&quot;tablet&quot;,&quot;mobile&quot;]}\">\n\t\t\t\t\t\t\t<div class=\"elementor-background-overlay\"><\/div>\n\t\t\t\t\t\t\t<div class=\"elementor-container elementor-column-gap-no\">\n\t\t\t\t\t<div class=\"elementor-column elementor-col-100 elementor-top-column elementor-element elementor-element-7fa55519\" data-id=\"7fa55519\" data-element_type=\"column\" data-e-type=\"column\">\n\t\t\t<div class=\"elementor-widget-wrap elementor-element-populated\">\n\t\t\t\t\t\t<div class=\"elementor-element elementor-element-f673bb3 elementor-widget elementor-widget-heading\" data-id=\"f673bb3\" data-element_type=\"widget\" data-e-type=\"widget\" data-widget_type=\"heading.default\">\n\t\t\t\t<div class=\"elementor-widget-container\">\n\t\t\t\t\t<h1 class=\"elementor-heading-title elementor-size-default\">Formularios<\/h1>\t\t\t\t<\/div>\n\t\t\t\t<\/div>\n\t\t\t\t<div class=\"elementor-element elementor-element-79609fe3 elementor-widget elementor-widget-text-editor\" data-id=\"79609fe3\" data-element_type=\"widget\" data-e-type=\"widget\" data-widget_type=\"text-editor.default\">\n\t\t\t\t<div class=\"elementor-widget-container\">\n\t\t\t\t\t\t\t\t\t<hr><div id=\"Content\"><div class=\"boxed\"><div id=\"lipsum\"><p>Si eres cliente de Joel I. Kimmel, Ph.D., P.A. &amp; Associates, puedes enviar el formulario seguro que aparece a continuaci\u00f3n.<\/p><\/div><\/div><\/div>\t\t\t\t\t\t\t\t<\/div>\n\t\t\t\t<\/div>\n\t\t\t\t<div class=\"elementor-element elementor-element-5e64f8a elementor-widget elementor-widget-heading\" data-id=\"5e64f8a\" data-element_type=\"widget\" data-e-type=\"widget\" data-widget_type=\"heading.default\">\n\t\t\t\t<div class=\"elementor-widget-container\">\n\t\t\t\t\t<h2 class=\"elementor-heading-title elementor-size-default\">FORMULARIOS DE ADMISI\u00d3N E HISTORIAL<\/h2>\t\t\t\t<\/div>\n\t\t\t\t<\/div>\n\t\t\t\t<section class=\"elementor-section elementor-inner-section elementor-element elementor-element-ac543ee elementor-section-boxed elementor-section-height-default elementor-section-height-default\" data-id=\"ac543ee\" data-element_type=\"section\" data-e-type=\"section\">\n\t\t\t\t\t\t<div class=\"elementor-container elementor-column-gap-default\">\n\t\t\t\t\t<div class=\"elementor-column elementor-col-100 elementor-inner-column elementor-element elementor-element-bc4262d\" data-id=\"bc4262d\" data-element_type=\"column\" data-e-type=\"column\">\n\t\t\t<div class=\"elementor-widget-wrap elementor-element-populated\">\n\t\t\t\t\t\t<div class=\"elementor-element elementor-element-83da5a9 elementor-align-center elementor-widget elementor-widget-button\" data-id=\"83da5a9\" data-element_type=\"widget\" data-e-type=\"widget\" data-widget_type=\"button.default\">\n\t\t\t\t<div class=\"elementor-widget-container\">\n\t\t\t\t\t\t\t\t\t<div class=\"elementor-button-wrapper\">\n\t\t\t\t\t<a class=\"elementor-button notranslate elementor-button-link elementor-size-sm\" href=\"https:\/\/kimmelpsychology.com\/es\/formulario-de-admision-e-historial\/\">\n\t\t\t\t\t\t<span class=\"elementor-button-content-wrapper\">\n\t\t\t\t\t\t\t\t\t<span class=\"elementor-button-text\">Adult Form<\/span>\n\t\t\t\t\t<\/span>\n\t\t\t\t\t<\/a>\n\t\t\t\t<\/div>\n\t\t\t\t\t\t\t\t<\/div>\n\t\t\t\t<\/div>\n\t\t\t\t<div class=\"elementor-element elementor-element-4f97712 elementor-align-center elementor-widget elementor-widget-button\" data-id=\"4f97712\" data-element_type=\"widget\" data-e-type=\"widget\" data-widget_type=\"button.default\">\n\t\t\t\t<div class=\"elementor-widget-container\">\n\t\t\t\t\t\t\t\t\t<div class=\"elementor-button-wrapper\">\n\t\t\t\t\t<a class=\"elementor-button elementor-button-link elementor-size-sm\" href=\"https:\/\/kimmelpsychology.com\/es\/formulario-de-inscripcion-e-historial-espanol\/\">\n\t\t\t\t\t\t<span class=\"elementor-button-content-wrapper\">\n\t\t\t\t\t\t\t\t\t<span class=\"elementor-button-text\">Formulario para Adultos<\/span>\n\t\t\t\t\t<\/span>\n\t\t\t\t\t<\/a>\n\t\t\t\t<\/div>\n\t\t\t\t\t\t\t\t<\/div>\n\t\t\t\t<\/div>\n\t\t\t\t<div class=\"elementor-element elementor-element-d26ac8d elementor-align-center elementor-widget elementor-widget-button\" data-id=\"d26ac8d\" data-element_type=\"widget\" data-e-type=\"widget\" data-widget_type=\"button.default\">\n\t\t\t\t<div class=\"elementor-widget-container\">\n\t\t\t\t\t\t\t\t\t<div class=\"elementor-button-wrapper\">\n\t\t\t\t\t<a class=\"elementor-button notranslate elementor-button-link elementor-size-sm\" href=\"https:\/\/kimmelpsychology.com\/es\/formulario-de-inscripcion-e-historial-nino\/\">\n\t\t\t\t\t\t<span class=\"elementor-button-content-wrapper\">\n\t\t\t\t\t\t\t\t\t<span class=\"elementor-button-text\">Child Form<\/span>\n\t\t\t\t\t<\/span>\n\t\t\t\t\t<\/a>\n\t\t\t\t<\/div>\n\t\t\t\t\t\t\t\t<\/div>\n\t\t\t\t<\/div>\n\t\t\t\t<div class=\"elementor-element elementor-element-2331e51 elementor-align-center elementor-widget elementor-widget-button\" data-id=\"2331e51\" data-element_type=\"widget\" data-e-type=\"widget\" data-widget_type=\"button.default\">\n\t\t\t\t<div class=\"elementor-widget-container\">\n\t\t\t\t\t\t\t\t\t<div class=\"elementor-button-wrapper\">\n\t\t\t\t\t<a class=\"elementor-button elementor-button-link elementor-size-sm\" href=\"https:\/\/kimmelpsychology.com\/es\/formulario-de-inscripcion-e-historial-espanol-infantil\/\">\n\t\t\t\t\t\t<span class=\"elementor-button-content-wrapper\">\n\t\t\t\t\t\t\t\t\t<span class=\"elementor-button-text\">Formulario para Ni\u00f1os<\/span>\n\t\t\t\t\t<\/span>\n\t\t\t\t\t<\/a>\n\t\t\t\t<\/div>\n\t\t\t\t\t\t\t\t<\/div>\n\t\t\t\t<\/div>\n\t\t\t\t\t<\/div>\n\t\t<\/div>\n\t\t\t\t\t<\/div>\n\t\t<\/section>\n\t\t\t\t\t<\/div>\n\t\t<\/div>\n\t\t\t\t\t<\/div>\n\t\t<\/section>\n\t\t\t\t<\/div>\n\t\t","protected":false},"excerpt":{"rendered":"<p>Formularios Si eres cliente de Joel I. Kimmel, Ph.D., P.A. &amp; Associates, puedes enviar el formulario seguro que aparece a continuaci\u00f3n. FORMULARIOS DE ADMISI\u00d3N E HISTORIAL Adult Form Formulario para Adultos Child Form Formulario para Ni\u00f1os<\/p>\n","protected":false},"author":2,"featured_media":8902,"parent":0,"menu_order":0,"comment_status":"open","ping_status":"open","template":"elementor_header_footer","meta":{"footnotes":""},"class_list":["post-9546","page","type-page","status-publish","has-post-thumbnail","hentry"],"yoast_head":"<!-- This site is optimized with the Yoast SEO plugin v27.4 - https:\/\/yoast.com\/product\/yoast-seo-wordpress\/ -->\n<title>Formularios - Kimmel Psychology<\/title>\n<meta name=\"description\" content=\"Joel I. Kimmel, Ph.D., P.A. and Associates - Formularios\" \/>\n<meta name=\"robots\" content=\"noindex, follow\" \/>\n<meta property=\"og:locale\" content=\"es_ES\" \/>\n<meta property=\"og:type\" content=\"article\" \/>\n<meta property=\"og:title\" content=\"Formularios - Kimmel Psychology\" \/>\n<meta property=\"og:description\" content=\"Joel I. Kimmel, Ph.D., P.A. and Associates - Formularios\" \/>\n<meta property=\"og:url\" content=\"https:\/\/kimmelpsychology.com\/es\/formularios\/\" \/>\n<meta property=\"og:site_name\" content=\"Kimmel Psychology\" \/>\n<meta property=\"article:publisher\" content=\"http:\/\/www.facebook.com\/KimmelPsychology\" \/>\n<meta property=\"article:modified_time\" content=\"2025-04-20T20:10:08+00:00\" \/>\n<meta property=\"og:image\" content=\"https:\/\/mlhtgnfxysf3.i.optimole.com\/w:auto\/h:auto\/q:mauto\/f:best\/https:\/\/kimmelpsychology.com\/wp-content\/uploads\/2014\/01\/banner_forms.jpg\" \/>\n\t<meta property=\"og:image:width\" content=\"960\" \/>\n\t<meta property=\"og:image:height\" content=\"263\" \/>\n\t<meta property=\"og:image:type\" content=\"image\/jpeg\" \/>\n<script type=\"application\/ld+json\" class=\"yoast-schema-graph\">{\"@context\":\"https:\\\/\\\/schema.org\",\"@graph\":[{\"@type\":\"WebPage\",\"@id\":\"https:\\\/\\\/kimmelpsychology.com\\\/es\\\/formularios\\\/\",\"url\":\"https:\\\/\\\/kimmelpsychology.com\\\/es\\\/formularios\\\/\",\"name\":\"Formularios - Kimmel Psychology\",\"isPartOf\":{\"@id\":\"https:\\\/\\\/kimmelpsychology.com\\\/es\\\/#website\"},\"primaryImageOfPage\":{\"@id\":\"https:\\\/\\\/kimmelpsychology.com\\\/es\\\/formularios\\\/#primaryimage\"},\"image\":{\"@id\":\"https:\\\/\\\/kimmelpsychology.com\\\/es\\\/formularios\\\/#primaryimage\"},\"thumbnailUrl\":\"https:\\/\\/kimmelpsychology.com\\/wp-content\\/uploads\\/2014\\/01\\/banner_forms.jpg\",\"datePublished\":\"2014-01-20T23:16:32+00:00\",\"dateModified\":\"2025-04-20T20:10:08+00:00\",\"description\":\"Joel I. Kimmel, Ph.D., P.A. and Associates - Formularios\",\"breadcrumb\":{\"@id\":\"https:\\\/\\\/kimmelpsychology.com\\\/es\\\/formularios\\\/#breadcrumb\"},\"inLanguage\":\"es\",\"potentialAction\":[{\"@type\":\"ReadAction\",\"target\":[\"https:\\\/\\\/kimmelpsychology.com\\\/es\\\/formularios\\\/\"]}]},{\"@type\":\"ImageObject\",\"inLanguage\":\"es\",\"@id\":\"https:\\\/\\\/kimmelpsychology.com\\\/es\\\/formularios\\\/#primaryimage\",\"url\":\"https:\\/\\/kimmelpsychology.com\\/wp-content\\/uploads\\/2014\\/01\\/banner_forms.jpg\",\"contentUrl\":\"https:\\/\\/kimmelpsychology.com\\/wp-content\\/uploads\\/2014\\/01\\/banner_forms.jpg\",\"width\":960,\"height\":263},{\"@type\":\"BreadcrumbList\",\"@id\":\"https:\\\/\\\/kimmelpsychology.com\\\/es\\\/formularios\\\/#breadcrumb\",\"itemListElement\":[{\"@type\":\"ListItem\",\"position\":1,\"name\":\"Inicio\",\"item\":\"https:\\\/\\\/kimmelpsychology.com\\\/es\\\/kimmelhogar\\\/\"},{\"@type\":\"ListItem\",\"position\":2,\"name\":\"Formularios\"}]},{\"@type\":\"WebSite\",\"@id\":\"https:\\\/\\\/kimmelpsychology.com\\\/es\\\/#website\",\"url\":\"https:\\\/\\\/kimmelpsychology.com\\\/es\\\/\",\"name\":\"Kimmel Psychology\",\"description\":\"Providing Psychological Services for Over 45 Years\",\"publisher\":{\"@id\":\"https:\\\/\\\/kimmelpsychology.com\\\/es\\\/#organization\"},\"potentialAction\":[{\"@type\":\"SearchAction\",\"target\":{\"@type\":\"EntryPoint\",\"urlTemplate\":\"https:\\\/\\\/kimmelpsychology.com\\\/es\\\/?s={search_term_string}\"},\"query-input\":{\"@type\":\"PropertyValueSpecification\",\"valueRequired\":true,\"valueName\":\"search_term_string\"}}],\"inLanguage\":\"es\"},{\"@type\":\"Organization\",\"@id\":\"https:\\\/\\\/kimmelpsychology.com\\\/es\\\/#organization\",\"name\":\"KimmelPsychology\",\"url\":\"https:\\\/\\\/kimmelpsychology.com\\\/es\\\/\",\"logo\":{\"@type\":\"ImageObject\",\"inLanguage\":\"es\",\"@id\":\"https:\\\/\\\/kimmelpsychology.com\\\/es\\\/#\\\/schema\\\/logo\\\/image\\\/\",\"url\":\"https:\\/\\/i2.wp.com\\/kimmelpsychology.com\\/wp-content\\/uploads\\/2014\\/01\\/Logo.png?fit=682%2C178&ssl=1\",\"contentUrl\":\"https:\\/\\/i2.wp.com\\/kimmelpsychology.com\\/wp-content\\/uploads\\/2014\\/01\\/Logo.png?fit=682%2C178&ssl=1\",\"width\":682,\"height\":178,\"caption\":\"KimmelPsychology\"},\"image\":{\"@id\":\"https:\\\/\\\/kimmelpsychology.com\\\/es\\\/#\\\/schema\\\/logo\\\/image\\\/\"},\"sameAs\":[\"http:\\\/\\\/www.facebook.com\\\/KimmelPsychology\"]}]}<\/script>\n<!-- \/ Yoast SEO plugin. -->","yoast_head_json":{"title":"Formularios - Kimmel Psychology","description":"Joel I. Kimmel, Ph.D., P.A. and Associates - Formularios","robots":{"index":"noindex","follow":"follow"},"og_locale":"es_ES","og_type":"article","og_title":"Formularios - Kimmel Psychology","og_description":"Joel I. Kimmel, Ph.D., P.A. and Associates - Formularios","og_url":"https:\/\/kimmelpsychology.com\/es\/formularios\/","og_site_name":"Kimmel Psychology","article_publisher":"http:\/\/www.facebook.com\/KimmelPsychology","article_modified_time":"2025-04-20T20:10:08+00:00","og_image":[{"width":960,"height":263,"url":"https:\/\/mlhtgnfxysf3.i.optimole.com\/w:auto\/h:auto\/q:mauto\/f:best\/https:\/\/kimmelpsychology.com\/wp-content\/uploads\/2014\/01\/banner_forms.jpg","type":"image\/jpeg"}],"schema":{"@context":"https:\/\/schema.org","@graph":[{"@type":"WebPage","@id":"https:\/\/kimmelpsychology.com\/es\/formularios\/","url":"https:\/\/kimmelpsychology.com\/es\/formularios\/","name":"Formularios - Kimmel Psychology","isPartOf":{"@id":"https:\/\/kimmelpsychology.com\/es\/#website"},"primaryImageOfPage":{"@id":"https:\/\/kimmelpsychology.com\/es\/formularios\/#primaryimage"},"image":{"@id":"https:\/\/kimmelpsychology.com\/es\/formularios\/#primaryimage"},"thumbnailUrl":"https:\/\/mlhtgnfxysf3.i.optimole.com\/w:auto\/h:auto\/q:mauto\/f:best\/https:\/\/kimmelpsychology.com\/wp-content\/uploads\/2014\/01\/banner_forms.jpg","datePublished":"2014-01-20T23:16:32+00:00","dateModified":"2025-04-20T20:10:08+00:00","description":"Joel I. Kimmel, Ph.D., P.A. and Associates - Formularios","breadcrumb":{"@id":"https:\/\/kimmelpsychology.com\/es\/formularios\/#breadcrumb"},"inLanguage":"es","potentialAction":[{"@type":"ReadAction","target":["https:\/\/kimmelpsychology.com\/es\/formularios\/"]}]},{"@type":"ImageObject","inLanguage":"es","@id":"https:\/\/kimmelpsychology.com\/es\/formularios\/#primaryimage","url":"https:\/\/mlhtgnfxysf3.i.optimole.com\/w:auto\/h:auto\/q:mauto\/f:best\/https:\/\/kimmelpsychology.com\/wp-content\/uploads\/2014\/01\/banner_forms.jpg","contentUrl":"https:\/\/mlhtgnfxysf3.i.optimole.com\/w:auto\/h:auto\/q:mauto\/f:best\/https:\/\/kimmelpsychology.com\/wp-content\/uploads\/2014\/01\/banner_forms.jpg","width":960,"height":263},{"@type":"BreadcrumbList","@id":"https:\/\/kimmelpsychology.com\/es\/formularios\/#breadcrumb","itemListElement":[{"@type":"ListItem","position":1,"name":"Inicio","item":"https:\/\/kimmelpsychology.com\/es\/kimmelhogar\/"},{"@type":"ListItem","position":2,"name":"Formularios"}]},{"@type":"WebSite","@id":"https:\/\/kimmelpsychology.com\/es\/#website","url":"https:\/\/kimmelpsychology.com\/es\/","name":"Kimmel Psychology","description":"Providing Psychological Services for Over 45 Years","publisher":{"@id":"https:\/\/kimmelpsychology.com\/es\/#organization"},"potentialAction":[{"@type":"SearchAction","target":{"@type":"EntryPoint","urlTemplate":"https:\/\/kimmelpsychology.com\/es\/?s={search_term_string}"},"query-input":{"@type":"PropertyValueSpecification","valueRequired":true,"valueName":"search_term_string"}}],"inLanguage":"es"},{"@type":"Organization","@id":"https:\/\/kimmelpsychology.com\/es\/#organization","name":"KimmelPsychology","url":"https:\/\/kimmelpsychology.com\/es\/","logo":{"@type":"ImageObject","inLanguage":"es","@id":"https:\/\/kimmelpsychology.com\/es\/#\/schema\/logo\/image\/","url":"https:\/\/mlhtgnfxysf3.i.optimole.com\/w:auto\/h:auto\/q:mauto\/f:best\/https:\/\/i2.wp.com\/kimmelpsychology.com\/wp-content\/uploads\/2014\/01\/Logo.png?fit=682%2C178&ssl=1","contentUrl":"https:\/\/mlhtgnfxysf3.i.optimole.com\/w:auto\/h:auto\/q:mauto\/f:best\/https:\/\/i2.wp.com\/kimmelpsychology.com\/wp-content\/uploads\/2014\/01\/Logo.png?fit=682%2C178&ssl=1","width":682,"height":178,"caption":"KimmelPsychology"},"image":{"@id":"https:\/\/kimmelpsychology.com\/es\/#\/schema\/logo\/image\/"},"sameAs":["http:\/\/www.facebook.com\/KimmelPsychology"]}]}},"_links":{"self":[{"href":"https:\/\/kimmelpsychology.com\/es\/wp-json\/wp\/v2\/pages\/9546","targetHints":{"allow":["GET"]}}],"collection":[{"href":"https:\/\/kimmelpsychology.com\/es\/wp-json\/wp\/v2\/pages"}],"about":[{"href":"https:\/\/kimmelpsychology.com\/es\/wp-json\/wp\/v2\/types\/page"}],"author":[{"embeddable":true,"href":"https:\/\/kimmelpsychology.com\/es\/wp-json\/wp\/v2\/users\/2"}],"replies":[{"embeddable":true,"href":"https:\/\/kimmelpsychology.com\/es\/wp-json\/wp\/v2\/comments?post=9546"}],"version-history":[{"count":9,"href":"https:\/\/kimmelpsychology.com\/es\/wp-json\/wp\/v2\/pages\/9546\/revisions"}],"predecessor-version":[{"id":10083,"href":"https:\/\/kimmelpsychology.com\/es\/wp-json\/wp\/v2\/pages\/9546\/revisions\/10083"}],"wp:featuredmedia":[{"embeddable":true,"href":"https:\/\/kimmelpsychology.com\/es\/wp-json\/wp\/v2\/media\/8902"}],"wp:attachment":[{"href":"https:\/\/kimmelpsychology.com\/es\/wp-json\/wp\/v2\/media?parent=9546"}],"curies":[{"name":"wp","href":"https:\/\/api.w.org\/{rel}","templated":true}]}}