{"id":9608,"date":"2014-01-20T18:51:12","date_gmt":"2014-01-20T23:51:12","guid":{"rendered":"https:\/\/kimmelpsychology.com\/aviso-de-practicas-de-privacidad\/"},"modified":"2025-02-11T14:35:11","modified_gmt":"2025-02-11T19:35:11","slug":"aviso-de-practicas-de-privacidad","status":"publish","type":"page","link":"https:\/\/kimmelpsychology.com\/es\/aviso-de-practicas-de-privacidad\/","title":{"rendered":"Aviso de pr\u00e1cticas de privacidad"},"content":{"rendered":"\t\t<div data-elementor-type=\"wp-page\" data-elementor-id=\"9608\" class=\"elementor elementor-9608 elementor-27\" data-elementor-post-type=\"page\">\n\t\t\t\t\t\t<section class=\"elementor-section elementor-top-section elementor-element elementor-element-3daffd1c elementor-section-boxed elementor-section-height-default elementor-section-height-default\" data-id=\"3daffd1c\" data-element_type=\"section\" data-e-type=\"section\">\n\t\t\t\t\t\t<div class=\"elementor-container elementor-column-gap-default\">\n\t\t\t\t\t<div class=\"elementor-column elementor-col-100 elementor-top-column elementor-element elementor-element-312a3e9d\" data-id=\"312a3e9d\" data-element_type=\"column\" data-e-type=\"column\">\n\t\t\t<div class=\"elementor-widget-wrap elementor-element-populated\">\n\t\t\t\t\t\t<div class=\"elementor-element elementor-element-477d144a elementor-widget elementor-widget-text-editor\" data-id=\"477d144a\" data-element_type=\"widget\" data-e-type=\"widget\" data-widget_type=\"text-editor.default\">\n\t\t\t\t<div class=\"elementor-widget-container\">\n\t\t\t\t\t\t\t\t\t<h2>Tu informaci\u00f3n. Tus Derechos. Nuestras responsabilidades.  <\/h2>\nEste aviso describe c\u00f3mo puede utilizarse y divulgarse tu informaci\u00f3n de salud conductual y c\u00f3mo puedes acceder a ella.  <strong>Por favor, rev\u00edsalo detenidamente.<\/strong>\n&nbsp;\n<strong>Fecha de entrada en vigor: 18 de septiembre de 2013<\/strong>\n<h2>Tus derechos<\/h2>\nTienes derecho a:\n<ul>\n\t<li>Consigue una copia de tu historial de salud conductual<\/li>\n\t<li>Solicitar comunicaci\u00f3n confidencial<\/li>\n\t<li>Pedirnos que limitemos la informaci\u00f3n que compartimos<\/li>\n\t<li>Obtener una lista de las personas con las que hemos compartido tu informaci\u00f3n<\/li>\n\t<li>Consigue una copia de este aviso de privacidad<\/li>\n\t<li>Elige a alguien que act\u00fae por ti<\/li>\n\t<li>Presenta una queja si crees que se han violado tus derechos de privacidad<\/li>\n<\/ul>\n\n<h2>Tus opciones<\/h2>\nTienes algunas opciones en la forma en que utilizamos y compartimos la informaci\u00f3n, como nosotros:\n<ul>\n\t<li>Informa a tu familia y amigos sobre tu enfermedad<\/li>\n\t<li>Proporcionar ayuda en caso de cat\u00e1strofe<\/li>\n\t<li>Proporcionar m\u00e1s cuidados<\/li>\n<\/ul>\n<h2>Nuestros usos y divulgaciones<\/h2>\nPodemos utilizar y compartir tu informaci\u00f3n como nosotros:\n<ul>\n\t<li>Tratarte<\/li>\n\t<li>Dirigir nuestra organizaci\u00f3n<\/li>\n\t<li>Factura tus servicios<\/li>\n\t<li>Ayuda en cuestiones de salud p\u00fablica y seguridad<\/li>\n\t<li>Investiga<\/li>\n\t<li>Cumplir la ley<\/li>\n\t<li>Atender las solicitudes de indemnizaci\u00f3n de los trabajadores, de las fuerzas del orden y de otras administraciones p\u00fablicas<\/li>\n\t<li>Responder a demandas y acciones legales<\/li>\n<\/ul>\n<h2>Tus derechos<\/h2>\n<strong>Cuando se trata de la informaci\u00f3n sobre tu salud conductual, tienes ciertos derechos.<\/strong>  Esta secci\u00f3n explica tus derechos y algunas de nuestras responsabilidades para ayudarte.\n&nbsp;\n<strong>Consigue una copia electr\u00f3nica o en papel de tu historial de salud conductual<\/strong>\n<ul>\n\t<li>Puedes pedir ver u obtener una copia electr\u00f3nica o en papel de tu historial de salud mental. Preg\u00fantanos c\u00f3mo hacerlo. <\/li>\n\t<li>Te proporcionaremos una copia o un informe de tu informaci\u00f3n de salud conductual, normalmente en un plazo de 30 d\u00edas a partir de tu solicitud. Podemos cobrar una tarifa razonable basada en el coste. <\/li>\n<\/ul>&nbsp;\n<strong>Pedirnos que corrijamos tu historial de salud conductual<\/strong>\n<ul>\n\t<li>Puedes pedirnos que corrijamos la informaci\u00f3n sobre tu salud conductual que consideres incorrecta o incompleta. Preg\u00fantanos c\u00f3mo hacerlo. <\/li>\n\t<li>Podemos decir \u00abno\u00bb a tu solicitud, pero te diremos por qu\u00e9 por escrito en un plazo de 60 d\u00edas.<\/li>\n<\/ul>&nbsp;\n<strong>Solicitar comunicaciones confidenciales<\/strong>\n<ul>\n\t<li>Puedes pedirnos que nos pongamos en contacto contigo de una forma espec\u00edfica (por ejemplo, tel\u00e9fono de casa o de la oficina) o que enviemos el correo a una direcci\u00f3n diferente.<\/li>\n\t<li>Diremos \u00abs\u00ed\u00bb a todas las peticiones razonables.<\/li>\n<\/ul>&nbsp;\n<strong>P\u00eddenos que limitemos lo que utilizamos o compartimos<\/strong>\n<ul>\n\t<li>Puedes pedirnos que no utilicemos ni compartamos determinada informaci\u00f3n sobre salud mental para el tratamiento, el pago o nuestras operaciones. No estamos obligados a acceder a tu petici\u00f3n, y podemos decir \u00abno\u00bb si ello pudiera afectar a tu asistencia. <\/li>\n\t<li>Si pagas de tu bolsillo la totalidad de un servicio o art\u00edculo de salud mental, puedes pedirnos que no compartamos esa informaci\u00f3n, a efectos de pago o de nuestras operaciones, con tu aseguradora de salud mental. Diremos que \u00abs\u00ed\u00bb a menos que una ley nos obligue a compartir esa informaci\u00f3n. <\/li>\n<\/ul>&nbsp;\n<strong>Obtener una lista de las personas con las que hemos compartido informaci\u00f3n<\/strong>\n<ul>\n\t<li>Puedes pedir una lista (contabilidad) de las veces que hemos compartido tu informaci\u00f3n sanitaria durante los seis a\u00f1os anteriores a la fecha en que lo pides, con qui\u00e9n la hemos compartido y por qu\u00e9.<\/li>\n\t<li>Incluiremos todas las divulgaciones excepto las relativas al tratamiento, pago y operaciones de atenci\u00f3n sanitaria conductual, y algunas otras divulgaciones (como cualquiera que nos hayas pedido que hagamos). Te proporcionaremos un informe al a\u00f1o de forma gratuita, pero te cobraremos una tarifa razonable basada en el coste si solicitas otro en el plazo de 12 meses. <\/li>\n<\/ul>&nbsp;\n<strong>Obt\u00e9n una copia de este aviso de privacidad<\/strong>\nPuedes solicitar una copia en papel de este aviso en cualquier momento, aunque hayas aceptado recibirlo electr\u00f3nicamente. Te proporcionaremos una copia en papel sin demora. \n&nbsp;\n<strong>Elige a alguien que act\u00fae por ti<\/strong>\n<ul>\n<ul>\n\t<li>Si has otorgado a alguien un poder notarial o si alguien es tu tutor legal, esa persona puede ejercer tus derechos y tomar decisiones sobre tu informaci\u00f3n de salud conductual.<\/li>\n\t<li>Nos aseguraremos de que la persona tiene esta autoridad y puede actuar en tu nombre antes de emprender cualquier acci\u00f3n.<\/li>\n<\/ul>\n<\/ul>&nbsp;\n<strong>Presenta una denuncia si crees que se vulneran tus derechos<\/strong>\n<ul>\n<ul>\n\t<li>Puedes reclamar si crees que hemos vulnerado tus derechos poni\u00e9ndote en contacto con nosotros utilizando la informaci\u00f3n de la p\u00e1gina 1.<\/li>\n\t<li>Puedes presentar una queja ante la Oficina de Derechos Civiles del Departamento de Salud y Servicios Humanos de EE.UU. enviando una carta a 200 Independence Avenue, S.W., Washington, D.C. 20201, llamando al 1-877-696-6775 o visitando <a href=\"http:\/\/www.hhs.gov\/ocr\/privacy\/hipaa\/complaints\/\">www.hhs.gov\/ocr\/privacy\/hipaa\/complaints\/.<\/a><\/li>\n<\/ul>\n<\/ul>\n&nbsp;\n<ul>\n\t<li>No tomaremos represalias contra ti por presentar una queja.<\/li>\n<\/ul>\n&nbsp;\n<h2>Tus opciones<\/h2>\n<strong>Para determinada informaci\u00f3n de salud conductual, puedes indicarnos tus opciones sobre lo que compartimos.<\/strong>  Si tienes una preferencia clara sobre c\u00f3mo compartimos tu informaci\u00f3n en las situaciones descritas a continuaci\u00f3n, habla con nosotros. Dinos lo que quieres que hagamos y seguiremos tus instrucciones. \n&nbsp;\n<strong>En estos casos, tienes tanto el derecho como la opci\u00f3n de dec\u00edrnoslo:<\/strong>\n<ul>\n\t<li>Compartir informaci\u00f3n con tu familia, amigos \u00edntimos u otras personas implicadas en tu cuidado<\/li>\n\t<li>Compartir informaci\u00f3n en caso de cat\u00e1strofe<\/li>\n<\/ul>\n<em>Si no puedes decirnos tu preferencia, por ejemplo si est\u00e1s inconsciente, podemos seguir adelante y compartir tu informaci\u00f3n si creemos que es lo mejor para ti. Tambi\u00e9n podemos compartir tu informaci\u00f3n cuando sea necesario para disminuir una amenaza grave e inminente para la salud o la seguridad. <\/em>\n&nbsp;\n<strong>En estos casos nunca compartimos tu informaci\u00f3n a menos que nos des permiso por escrito:<\/strong>\n<ul>\n\t<li>Fines comerciales<\/li>\n\t<li>Venta de tu informaci\u00f3n<\/li>\n\t<li>La mayor\u00eda de los intercambios de notas de psicoterapia<\/li>\n<\/ul>&nbsp;\n<strong>En caso de recaudaci\u00f3n de fondos:<\/strong>\nPodemos ponernos en contacto contigo para recaudar fondos, pero puedes decirnos que no volvamos a ponernos en contacto contigo.\n<h2><strong>Nuestros usos y divulgaciones<\/strong><\/h2>\n\u00bfC\u00f3mo solemos utilizar o compartir tu informaci\u00f3n de salud mental?\nNormalmente utilizamos o compartimos tu informaci\u00f3n de salud conductual de las siguientes maneras.\n&nbsp;\n<strong>Tratarte<\/strong>\nPodemos utilizar tu informaci\u00f3n de salud conductual y compartirla con otros profesionales que te est\u00e9n tratando.\n<em>Ejemplo: Un psiquiatra puede tratarte por una enfermedad del comportamiento y colaboraremos estrechamente con \u00e9l para mantenernos mutuamente al corriente de tu estado general de salud conductual.<\/em>\n&nbsp;\n<strong>Dirigir nuestra organizaci\u00f3n<\/strong>\nPodemos utilizar y compartir tu informaci\u00f3n de salud conductual para dirigir nuestra consulta, mejorar tu atenci\u00f3n y ponernos en contacto contigo cuando sea necesario.\n<em>Por ejemplo: Utilizamos informaci\u00f3n sobre tu salud conductual para gestionar tu tratamiento y tus servicios.<\/em>\n&nbsp;\n<strong>Facturar tus servicios<\/strong>\nPodemos utilizar y compartir tu informaci\u00f3n sanitaria para facturar y obtener pagos de planes de salud conductual u otras entidades.\n<em>Por ejemplo: Damos informaci\u00f3n sobre ti a tu seguro de salud mental para que pague tus servicios.<\/em>\n&nbsp;&nbsp;\n<strong>\u00bfDe qu\u00e9 otra forma podemos utilizar o compartir tu informaci\u00f3n sanitaria?<\/strong>\nSe nos permite o exige que compartamos tu informaci\u00f3n de otras formas, normalmente de forma que contribuya al bien p\u00fablico, como la salud conductual p\u00fablica y la investigaci\u00f3n. Tenemos que cumplir muchas condiciones legales antes de poder compartir tu informaci\u00f3n con estos fines. Para m\u00e1s informaci\u00f3n, consulta: www.hhs.gov\/ocr\/privacy\/hipaa\/understanding\/consumers\/index.html.  \n&nbsp;\n<strong>Ayudar en cuestiones de salud y seguridad del comportamiento p\u00fablico<\/strong>\nPodemos compartir informaci\u00f3n sanitaria sobre ti en determinadas situaciones, como:\n<ul>\n\t<li>Notificaci\u00f3n de reacciones adversas a los medicamentos<\/li>\n\t<li>Informar sobre sospechas de malos tratos, abandono o violencia dom\u00e9stica<\/li>\n\t<li>Prevenir o reducir una amenaza grave para la salud o la seguridad de cualquier persona<\/li>\n<\/ul>\n<strong>Hacer investigaci\u00f3n<\/strong>\nPodemos utilizar o compartir tu informaci\u00f3n para investigaci\u00f3n sobre salud conductual.\n&nbsp;\nCumplir <strong>la ley<\/strong>\nCompartiremos informaci\u00f3n sobre ti si las leyes estatales o federales lo exigen, incluso con el Departamento de Salud y Servicios Humanos si quiere comprobar que cumplimos la ley federal de privacidad.\n&nbsp;\n<strong>Responder a solicitudes de donaci\u00f3n de \u00f3rganos y tejidos<\/strong>\nPodemos compartir informaci\u00f3n sanitaria sobre ti con organizaciones de obtenci\u00f3n de \u00f3rganos\n&nbsp;\n<strong>Trabajar con un m\u00e9dico forense o director<\/strong> de <strong>funeraria<\/strong>\nPodemos compartir informaci\u00f3n sanitaria con un m\u00e9dico forense o director de funeraria cuando fallece una persona.\n&nbsp;\n<strong>Abordar las solicitudes de indemnizaci\u00f3n de los trabajadores, de las fuerzas del orden y otras solicitudes gubernamentales<\/strong>\nPodemos utilizar o compartir informaci\u00f3n sobre tu salud conductual:\n<ul>\n\t<li>Para reclamaciones de indemnizaci\u00f3n por accidente laboral<\/li>\n\t<li>Con fines policiales o con un funcionario encargado de hacer cumplir la ley<\/li>\n\t<li>Con los organismos de control sanitario para las actividades autorizadas por la ley<\/li>\n\t<li>Para funciones gubernamentales especiales como los servicios militares, de seguridad nacional y de protecci\u00f3n presidencial<\/li>\n<\/ul>&nbsp;\n<strong>Responder a demandas y acciones legales<\/strong>\nPodemos compartir informaci\u00f3n sobre tu salud conductual en respuesta a una orden judicial o administrativa, o en respuesta a una citaci\u00f3n judicial.\n<h2>Nuestras responsabilidades<\/h2>\n<ul>\n\t<li>La ley nos obliga a mantener la privacidad y seguridad de tu informaci\u00f3n protegida sobre salud conductual.<\/li>\n\t<li>Te informaremos con prontitud si se produce una violaci\u00f3n que pueda haber comprometido la privacidad o seguridad de tu informaci\u00f3n.<\/li>\n\t<li>Debemos cumplir las obligaciones y pr\u00e1cticas de privacidad descritas en este aviso y entregarte una copia del mismo.<\/li>\n\t<li>No utilizaremos ni compartiremos tu informaci\u00f3n de forma distinta a la descrita aqu\u00ed, a menos que nos digas por escrito que podemos hacerlo. Si nos dices que podemos, puedes cambiar de opini\u00f3n en cualquier momento. Inf\u00f3rmanos por escrito si cambias de opini\u00f3n.  <\/li>\n<\/ul>&nbsp;\nPara m\u00e1s informaci\u00f3n, consulta:\n<a href=\"http:\/\/www.hhs.gov\/ocr\/privacy\/hipaa\/understanding\/consumers\/noticepp.html\">www.hhs.gov\/ocr\/privacy\/hipaa\/understanding\/consumers\/noticepp.html.<\/a>\n<h2>Cambios en los t\u00e9rminos de este Aviso<\/h2>\nPodemos cambiar los t\u00e9rminos de este aviso, y los cambios se aplicar\u00e1n a toda la informaci\u00f3n que tengamos sobre ti. El nuevo aviso estar\u00e1 disponible previa solicitud, en nuestra oficina y en nuestro sitio web. \n<div class=\"bottom_last\">Dr. Joel Kimmel, Ph.D. P.A. and Associates\nResponsable de privacidad: Dr. Joel I. Kimmel\nCorreo electr\u00f3nico: DrKimmel@KimmelPsychology.com\nTel\u00e9fono: (954) 755-2885 <\/div>\n<div>\n\n&nbsp;\n\n<\/div>\t\t\t\t\t\t\t\t<\/div>\n\t\t\t\t<\/div>\n\t\t\t\t\t<\/div>\n\t\t<\/div>\n\t\t\t\t\t<\/div>\n\t\t<\/section>\n\t\t\t\t<\/div>\n\t\t","protected":false},"excerpt":{"rendered":"<p>Tu informaci\u00f3n. Tus Derechos. Nuestras responsabilidades. Este aviso describe c\u00f3mo puede utilizarse y divulgarse tu informaci\u00f3n de salud conductual y c\u00f3mo puedes acceder a ella. Por favor, rev\u00edsalo detenidamente. &nbsp; Fecha de entrada en vigor: 18 de septiembre de 2013 Tus derechos Tienes derecho a: Consigue una copia de tu historial de salud conductual Solicitar [&hellip;]<\/p>\n","protected":false},"author":2,"featured_media":0,"parent":0,"menu_order":0,"comment_status":"open","ping_status":"open","template":"elementor_header_footer","meta":{"footnotes":""},"class_list":["post-9608","page","type-page","status-publish","hentry"],"yoast_head":"<!-- This site is optimized with the Yoast SEO plugin v27.6 - https:\/\/yoast.com\/product\/yoast-seo-wordpress\/ -->\n<title>Aviso de pr\u00e1cticas de privacidad - Kimmel Psychology<\/title>\n<meta name=\"description\" content=\"Joel I. Kimmel, Ph.D., P.A. and Associates - Aviso de pr\u00e1cticas de privacidad\" \/>\n<meta name=\"robots\" content=\"noindex, follow\" \/>\n<meta property=\"og:locale\" content=\"es_ES\" \/>\n<meta property=\"og:type\" content=\"article\" \/>\n<meta property=\"og:title\" content=\"Aviso de pr\u00e1cticas de privacidad - Kimmel Psychology\" \/>\n<meta property=\"og:description\" content=\"Joel I. Kimmel, Ph.D., P.A. and Associates - Aviso de pr\u00e1cticas de privacidad\" \/>\n<meta property=\"og:url\" content=\"https:\/\/kimmelpsychology.com\/es\/aviso-de-practicas-de-privacidad\/\" \/>\n<meta property=\"og:site_name\" content=\"Kimmel Psychology\" \/>\n<meta property=\"article:publisher\" content=\"http:\/\/www.facebook.com\/KimmelPsychology\" \/>\n<meta property=\"article:modified_time\" content=\"2025-02-11T19:35:11+00:00\" \/>\n<meta name=\"twitter:label1\" content=\"Tiempo de lectura\" \/>\n\t<meta name=\"twitter:data1\" content=\"9 minutos\" \/>\n<script type=\"application\/ld+json\" class=\"yoast-schema-graph\">{\"@context\":\"https:\\\/\\\/schema.org\",\"@graph\":[{\"@type\":\"WebPage\",\"@id\":\"https:\\\/\\\/kimmelpsychology.com\\\/es\\\/aviso-de-practicas-de-privacidad\\\/\",\"url\":\"https:\\\/\\\/kimmelpsychology.com\\\/es\\\/aviso-de-practicas-de-privacidad\\\/\",\"name\":\"Aviso de pr\u00e1cticas de privacidad - Kimmel Psychology\",\"isPartOf\":{\"@id\":\"https:\\\/\\\/kimmelpsychology.com\\\/es\\\/#website\"},\"datePublished\":\"2014-01-20T23:51:12+00:00\",\"dateModified\":\"2025-02-11T19:35:11+00:00\",\"description\":\"Joel I. Kimmel, Ph.D., P.A. and Associates - Aviso de pr\u00e1cticas de privacidad\",\"breadcrumb\":{\"@id\":\"https:\\\/\\\/kimmelpsychology.com\\\/es\\\/aviso-de-practicas-de-privacidad\\\/#breadcrumb\"},\"inLanguage\":\"es\",\"potentialAction\":[{\"@type\":\"ReadAction\",\"target\":[\"https:\\\/\\\/kimmelpsychology.com\\\/es\\\/aviso-de-practicas-de-privacidad\\\/\"]}]},{\"@type\":\"BreadcrumbList\",\"@id\":\"https:\\\/\\\/kimmelpsychology.com\\\/es\\\/aviso-de-practicas-de-privacidad\\\/#breadcrumb\",\"itemListElement\":[{\"@type\":\"ListItem\",\"position\":1,\"name\":\"Inicio\",\"item\":\"https:\\\/\\\/kimmelpsychology.com\\\/es\\\/kimmelhogar\\\/\"},{\"@type\":\"ListItem\",\"position\":2,\"name\":\"Aviso de pr\u00e1cticas de privacidad\"}]},{\"@type\":\"WebSite\",\"@id\":\"https:\\\/\\\/kimmelpsychology.com\\\/es\\\/#website\",\"url\":\"https:\\\/\\\/kimmelpsychology.com\\\/es\\\/\",\"name\":\"Kimmel Psychology\",\"description\":\"Providing Psychological Services for Over 45 Years\",\"publisher\":{\"@id\":\"https:\\\/\\\/kimmelpsychology.com\\\/es\\\/#organization\"},\"potentialAction\":[{\"@type\":\"SearchAction\",\"target\":{\"@type\":\"EntryPoint\",\"urlTemplate\":\"https:\\\/\\\/kimmelpsychology.com\\\/es\\\/?s={search_term_string}\"},\"query-input\":{\"@type\":\"PropertyValueSpecification\",\"valueRequired\":true,\"valueName\":\"search_term_string\"}}],\"inLanguage\":\"es\"},{\"@type\":\"Organization\",\"@id\":\"https:\\\/\\\/kimmelpsychology.com\\\/es\\\/#organization\",\"name\":\"KimmelPsychology\",\"url\":\"https:\\\/\\\/kimmelpsychology.com\\\/es\\\/\",\"logo\":{\"@type\":\"ImageObject\",\"inLanguage\":\"es\",\"@id\":\"https:\\\/\\\/kimmelpsychology.com\\\/es\\\/#\\\/schema\\\/logo\\\/image\\\/\",\"url\":\"https:\\/\\/i2.wp.com\\/kimmelpsychology.com\\/wp-content\\/uploads\\/2014\\/01\\/Logo.png?fit=682%2C178&ssl=1\",\"contentUrl\":\"https:\\/\\/i2.wp.com\\/kimmelpsychology.com\\/wp-content\\/uploads\\/2014\\/01\\/Logo.png?fit=682%2C178&ssl=1\",\"width\":682,\"height\":178,\"caption\":\"KimmelPsychology\"},\"image\":{\"@id\":\"https:\\\/\\\/kimmelpsychology.com\\\/es\\\/#\\\/schema\\\/logo\\\/image\\\/\"},\"sameAs\":[\"http:\\\/\\\/www.facebook.com\\\/KimmelPsychology\"]}]}<\/script>\n<!-- \/ Yoast SEO plugin. -->","yoast_head_json":{"title":"Aviso de pr\u00e1cticas de privacidad - Kimmel Psychology","description":"Joel I. Kimmel, Ph.D., P.A. and Associates - Aviso de pr\u00e1cticas de privacidad","robots":{"index":"noindex","follow":"follow"},"og_locale":"es_ES","og_type":"article","og_title":"Aviso de pr\u00e1cticas de privacidad - Kimmel Psychology","og_description":"Joel I. Kimmel, Ph.D., P.A. and Associates - Aviso de pr\u00e1cticas de privacidad","og_url":"https:\/\/kimmelpsychology.com\/es\/aviso-de-practicas-de-privacidad\/","og_site_name":"Kimmel Psychology","article_publisher":"http:\/\/www.facebook.com\/KimmelPsychology","article_modified_time":"2025-02-11T19:35:11+00:00","twitter_misc":{"Tiempo de lectura":"9 minutos"},"schema":{"@context":"https:\/\/schema.org","@graph":[{"@type":"WebPage","@id":"https:\/\/kimmelpsychology.com\/es\/aviso-de-practicas-de-privacidad\/","url":"https:\/\/kimmelpsychology.com\/es\/aviso-de-practicas-de-privacidad\/","name":"Aviso de pr\u00e1cticas de privacidad - Kimmel Psychology","isPartOf":{"@id":"https:\/\/kimmelpsychology.com\/es\/#website"},"datePublished":"2014-01-20T23:51:12+00:00","dateModified":"2025-02-11T19:35:11+00:00","description":"Joel I. Kimmel, Ph.D., P.A. and Associates - Aviso de pr\u00e1cticas de privacidad","breadcrumb":{"@id":"https:\/\/kimmelpsychology.com\/es\/aviso-de-practicas-de-privacidad\/#breadcrumb"},"inLanguage":"es","potentialAction":[{"@type":"ReadAction","target":["https:\/\/kimmelpsychology.com\/es\/aviso-de-practicas-de-privacidad\/"]}]},{"@type":"BreadcrumbList","@id":"https:\/\/kimmelpsychology.com\/es\/aviso-de-practicas-de-privacidad\/#breadcrumb","itemListElement":[{"@type":"ListItem","position":1,"name":"Inicio","item":"https:\/\/kimmelpsychology.com\/es\/kimmelhogar\/"},{"@type":"ListItem","position":2,"name":"Aviso de pr\u00e1cticas de privacidad"}]},{"@type":"WebSite","@id":"https:\/\/kimmelpsychology.com\/es\/#website","url":"https:\/\/kimmelpsychology.com\/es\/","name":"Kimmel Psychology","description":"Providing Psychological Services for Over 45 Years","publisher":{"@id":"https:\/\/kimmelpsychology.com\/es\/#organization"},"potentialAction":[{"@type":"SearchAction","target":{"@type":"EntryPoint","urlTemplate":"https:\/\/kimmelpsychology.com\/es\/?s={search_term_string}"},"query-input":{"@type":"PropertyValueSpecification","valueRequired":true,"valueName":"search_term_string"}}],"inLanguage":"es"},{"@type":"Organization","@id":"https:\/\/kimmelpsychology.com\/es\/#organization","name":"KimmelPsychology","url":"https:\/\/kimmelpsychology.com\/es\/","logo":{"@type":"ImageObject","inLanguage":"es","@id":"https:\/\/kimmelpsychology.com\/es\/#\/schema\/logo\/image\/","url":"https:\/\/mlhtgnfxysf3.i.optimole.com\/w:auto\/h:auto\/q:mauto\/f:best\/https:\/\/i2.wp.com\/kimmelpsychology.com\/wp-content\/uploads\/2014\/01\/Logo.png?fit=682%2C178&ssl=1","contentUrl":"https:\/\/mlhtgnfxysf3.i.optimole.com\/w:auto\/h:auto\/q:mauto\/f:best\/https:\/\/i2.wp.com\/kimmelpsychology.com\/wp-content\/uploads\/2014\/01\/Logo.png?fit=682%2C178&ssl=1","width":682,"height":178,"caption":"KimmelPsychology"},"image":{"@id":"https:\/\/kimmelpsychology.com\/es\/#\/schema\/logo\/image\/"},"sameAs":["http:\/\/www.facebook.com\/KimmelPsychology"]}]}},"_links":{"self":[{"href":"https:\/\/kimmelpsychology.com\/es\/wp-json\/wp\/v2\/pages\/9608","targetHints":{"allow":["GET"]}}],"collection":[{"href":"https:\/\/kimmelpsychology.com\/es\/wp-json\/wp\/v2\/pages"}],"about":[{"href":"https:\/\/kimmelpsychology.com\/es\/wp-json\/wp\/v2\/types\/page"}],"author":[{"embeddable":true,"href":"https:\/\/kimmelpsychology.com\/es\/wp-json\/wp\/v2\/users\/2"}],"replies":[{"embeddable":true,"href":"https:\/\/kimmelpsychology.com\/es\/wp-json\/wp\/v2\/comments?post=9608"}],"version-history":[{"count":1,"href":"https:\/\/kimmelpsychology.com\/es\/wp-json\/wp\/v2\/pages\/9608\/revisions"}],"predecessor-version":[{"id":9614,"href":"https:\/\/kimmelpsychology.com\/es\/wp-json\/wp\/v2\/pages\/9608\/revisions\/9614"}],"wp:attachment":[{"href":"https:\/\/kimmelpsychology.com\/es\/wp-json\/wp\/v2\/media?parent=9608"}],"curies":[{"name":"wp","href":"https:\/\/api.w.org\/{rel}","templated":true}]}}