{"id":9972,"date":"2025-02-24T10:42:38","date_gmt":"2025-02-24T15:42:38","guid":{"rendered":"https:\/\/kimmelpsychology.com\/formulario-de-inscripcion-e-historial-espanol\/"},"modified":"2025-02-24T15:07:49","modified_gmt":"2025-02-24T20:07:49","slug":"formulario-de-inscripcion-e-historial-espanol","status":"publish","type":"page","link":"https:\/\/kimmelpsychology.com\/es\/formulario-de-inscripcion-e-historial-espanol\/","title":{"rendered":"FORMULARIO DE INSCRIPCI\u00d3N E HISTORIAL &#8211; Espa\u00f1ol"},"content":{"rendered":"\t\t<div data-elementor-type=\"wp-page\" data-elementor-id=\"9972\" class=\"elementor elementor-9972 elementor-9970\" data-elementor-post-type=\"page\">\n\t\t\t\t\t\t<section class=\"elementor-section elementor-top-section elementor-element elementor-element-52fbb134 elementor-section-height-min-height elementor-section-content-middle elementor-section-boxed elementor-section-height-default elementor-section-items-middle\" data-id=\"52fbb134\" data-element_type=\"section\" data-e-type=\"section\" data-settings=\"{&quot;background_background&quot;:&quot;classic&quot;,&quot;background_motion_fx_motion_fx_scrolling&quot;:&quot;yes&quot;,&quot;background_motion_fx_translateY_effect&quot;:&quot;yes&quot;,&quot;background_motion_fx_translateY_speed&quot;:{&quot;unit&quot;:&quot;px&quot;,&quot;size&quot;:4,&quot;sizes&quot;:[]},&quot;background_motion_fx_translateY_affectedRange&quot;:{&quot;unit&quot;:&quot;%&quot;,&quot;size&quot;:&quot;&quot;,&quot;sizes&quot;:{&quot;start&quot;:0,&quot;end&quot;:100}},&quot;background_motion_fx_devices&quot;:[&quot;desktop&quot;,&quot;tablet&quot;,&quot;mobile&quot;]}\">\n\t\t\t\t\t\t\t<div class=\"elementor-background-overlay\"><\/div>\n\t\t\t\t\t\t\t<div class=\"elementor-container elementor-column-gap-no\">\n\t\t\t\t\t<div class=\"elementor-column elementor-col-100 elementor-top-column elementor-element elementor-element-7fa55519\" data-id=\"7fa55519\" data-element_type=\"column\" data-e-type=\"column\">\n\t\t\t<div class=\"elementor-widget-wrap elementor-element-populated\">\n\t\t\t\t\t\t<div class=\"elementor-element elementor-element-f673bb3 elementor-widget elementor-widget-heading\" data-id=\"f673bb3\" data-element_type=\"widget\" data-e-type=\"widget\" data-widget_type=\"heading.default\">\n\t\t\t\t<div class=\"elementor-widget-container\">\n\t\t\t\t\t<h1 class=\"elementor-heading-title elementor-size-default\">Formularios<\/h1>\t\t\t\t<\/div>\n\t\t\t\t<\/div>\n\t\t\t\t<div class=\"elementor-element elementor-element-79609fe3 elementor-widget elementor-widget-text-editor\" data-id=\"79609fe3\" data-element_type=\"widget\" data-e-type=\"widget\" data-widget_type=\"text-editor.default\">\n\t\t\t\t<div class=\"elementor-widget-container\">\n\t\t\t\t\t\t\t\t\t<hr><div id=\"Content\"><div class=\"boxed\"><div id=\"lipsum\"><p>Si eres cliente de Joel I. Kimmel, Ph.D., P.A. &amp; Associates, puedes enviar el formulario seguro que aparece a continuaci\u00f3n.<\/p><\/div><\/div><\/div>\t\t\t\t\t\t\t\t<\/div>\n\t\t\t\t<\/div>\n\t\t\t\t<div class=\"elementor-element elementor-element-b32474c elementor-widget elementor-widget-shortcode\" data-id=\"b32474c\" data-element_type=\"widget\" data-e-type=\"widget\" data-widget_type=\"shortcode.default\">\n\t\t\t\t<div class=\"elementor-widget-container\">\n\t\t\t\t\t\t\t<div class=\"elementor-shortcode\"><script id=\"2d3dd3bd-411f-4f1b-99db-e4e3757a5616-script\" src=\"https:\/\/app.hipaatizer.com\/shared\/hipaatizer-form-renderer.js\"><\/script>\n\t\t\t\t<script>\n\t\t\t\tnew Hipaatizer(\"2d3dd3bd-411f-4f1b-99db-e4e3757a5616\", false).render();\n\t\t\t\t<\/script><\/div>\n\t\t\t\t\t\t<\/div>\n\t\t\t\t<\/div>\n\t\t\t\t\t<\/div>\n\t\t<\/div>\n\t\t\t\t\t<\/div>\n\t\t<\/section>\n\t\t\t\t<\/div>\n\t\t","protected":false},"excerpt":{"rendered":"<p>Formularios Si eres cliente de Joel I. Kimmel, Ph.D., P.A. &amp; Associates, puedes enviar el formulario seguro que aparece a continuaci\u00f3n.<\/p>\n","protected":false},"author":7,"featured_media":8902,"parent":0,"menu_order":0,"comment_status":"open","ping_status":"open","template":"elementor_header_footer","meta":{"footnotes":""},"class_list":["post-9972","page","type-page","status-publish","has-post-thumbnail","hentry"],"yoast_head":"<!-- This site is optimized with the Yoast SEO plugin v27.4 - https:\/\/yoast.com\/product\/yoast-seo-wordpress\/ -->\n<title>FORMULARIO DE INSCRIPCI\u00d3N E HISTORIAL - Espa\u00f1ol - Kimmel Psychology<\/title>\n<meta name=\"description\" content=\"Joel I. Kimmel, Ph.D., P.A. and Associates - FORMULARIO DE INSCRIPCI\u00d3N E HISTORIAL - Espa\u00f1ol\" \/>\n<meta name=\"robots\" content=\"noindex, follow\" \/>\n<meta property=\"og:locale\" content=\"es_ES\" \/>\n<meta property=\"og:type\" content=\"article\" \/>\n<meta property=\"og:title\" content=\"FORMULARIO DE INSCRIPCI\u00d3N E HISTORIAL - Espa\u00f1ol - Kimmel Psychology\" \/>\n<meta property=\"og:description\" content=\"Joel I. Kimmel, Ph.D., P.A. and Associates - FORMULARIO DE INSCRIPCI\u00d3N E HISTORIAL - Espa\u00f1ol\" \/>\n<meta property=\"og:url\" content=\"https:\/\/kimmelpsychology.com\/es\/formulario-de-inscripcion-e-historial-espanol\/\" \/>\n<meta property=\"og:site_name\" content=\"Kimmel Psychology\" \/>\n<meta property=\"article:publisher\" content=\"http:\/\/www.facebook.com\/KimmelPsychology\" \/>\n<meta property=\"article:modified_time\" content=\"2025-02-24T20:07:49+00:00\" \/>\n<meta property=\"og:image\" content=\"https:\/\/mlhtgnfxysf3.i.optimole.com\/w:auto\/h:auto\/q:mauto\/f:best\/https:\/\/kimmelpsychology.com\/wp-content\/uploads\/2014\/01\/banner_forms.jpg\" \/>\n\t<meta property=\"og:image:width\" content=\"960\" \/>\n\t<meta property=\"og:image:height\" content=\"263\" \/>\n\t<meta property=\"og:image:type\" content=\"image\/jpeg\" \/>\n<script type=\"application\/ld+json\" class=\"yoast-schema-graph\">{\"@context\":\"https:\\\/\\\/schema.org\",\"@graph\":[{\"@type\":\"WebPage\",\"@id\":\"https:\\\/\\\/kimmelpsychology.com\\\/es\\\/formulario-de-inscripcion-e-historial-espanol\\\/\",\"url\":\"https:\\\/\\\/kimmelpsychology.com\\\/es\\\/formulario-de-inscripcion-e-historial-espanol\\\/\",\"name\":\"FORMULARIO DE INSCRIPCI\u00d3N E HISTORIAL - Espa\u00f1ol - Kimmel Psychology\",\"isPartOf\":{\"@id\":\"https:\\\/\\\/kimmelpsychology.com\\\/es\\\/#website\"},\"primaryImageOfPage\":{\"@id\":\"https:\\\/\\\/kimmelpsychology.com\\\/es\\\/formulario-de-inscripcion-e-historial-espanol\\\/#primaryimage\"},\"image\":{\"@id\":\"https:\\\/\\\/kimmelpsychology.com\\\/es\\\/formulario-de-inscripcion-e-historial-espanol\\\/#primaryimage\"},\"thumbnailUrl\":\"https:\\/\\/kimmelpsychology.com\\/wp-content\\/uploads\\/2014\\/01\\/banner_forms.jpg\",\"datePublished\":\"2025-02-24T15:42:38+00:00\",\"dateModified\":\"2025-02-24T20:07:49+00:00\",\"description\":\"Joel I. Kimmel, Ph.D., P.A. and Associates - FORMULARIO DE INSCRIPCI\u00d3N E HISTORIAL - Espa\u00f1ol\",\"breadcrumb\":{\"@id\":\"https:\\\/\\\/kimmelpsychology.com\\\/es\\\/formulario-de-inscripcion-e-historial-espanol\\\/#breadcrumb\"},\"inLanguage\":\"es\",\"potentialAction\":[{\"@type\":\"ReadAction\",\"target\":[\"https:\\\/\\\/kimmelpsychology.com\\\/es\\\/formulario-de-inscripcion-e-historial-espanol\\\/\"]}]},{\"@type\":\"ImageObject\",\"inLanguage\":\"es\",\"@id\":\"https:\\\/\\\/kimmelpsychology.com\\\/es\\\/formulario-de-inscripcion-e-historial-espanol\\\/#primaryimage\",\"url\":\"https:\\/\\/kimmelpsychology.com\\/wp-content\\/uploads\\/2014\\/01\\/banner_forms.jpg\",\"contentUrl\":\"https:\\/\\/kimmelpsychology.com\\/wp-content\\/uploads\\/2014\\/01\\/banner_forms.jpg\",\"width\":960,\"height\":263},{\"@type\":\"BreadcrumbList\",\"@id\":\"https:\\\/\\\/kimmelpsychology.com\\\/es\\\/formulario-de-inscripcion-e-historial-espanol\\\/#breadcrumb\",\"itemListElement\":[{\"@type\":\"ListItem\",\"position\":1,\"name\":\"Inicio\",\"item\":\"https:\\\/\\\/kimmelpsychology.com\\\/es\\\/kimmelhogar\\\/\"},{\"@type\":\"ListItem\",\"position\":2,\"name\":\"FORMULARIO DE INSCRIPCI\u00d3N E HISTORIAL &#8211; Espa\u00f1ol\"}]},{\"@type\":\"WebSite\",\"@id\":\"https:\\\/\\\/kimmelpsychology.com\\\/es\\\/#website\",\"url\":\"https:\\\/\\\/kimmelpsychology.com\\\/es\\\/\",\"name\":\"Kimmel Psychology\",\"description\":\"Providing Psychological Services for Over 45 Years\",\"publisher\":{\"@id\":\"https:\\\/\\\/kimmelpsychology.com\\\/es\\\/#organization\"},\"potentialAction\":[{\"@type\":\"SearchAction\",\"target\":{\"@type\":\"EntryPoint\",\"urlTemplate\":\"https:\\\/\\\/kimmelpsychology.com\\\/es\\\/?s={search_term_string}\"},\"query-input\":{\"@type\":\"PropertyValueSpecification\",\"valueRequired\":true,\"valueName\":\"search_term_string\"}}],\"inLanguage\":\"es\"},{\"@type\":\"Organization\",\"@id\":\"https:\\\/\\\/kimmelpsychology.com\\\/es\\\/#organization\",\"name\":\"KimmelPsychology\",\"url\":\"https:\\\/\\\/kimmelpsychology.com\\\/es\\\/\",\"logo\":{\"@type\":\"ImageObject\",\"inLanguage\":\"es\",\"@id\":\"https:\\\/\\\/kimmelpsychology.com\\\/es\\\/#\\\/schema\\\/logo\\\/image\\\/\",\"url\":\"https:\\/\\/i2.wp.com\\/kimmelpsychology.com\\/wp-content\\/uploads\\/2014\\/01\\/Logo.png?fit=682%2C178&ssl=1\",\"contentUrl\":\"https:\\/\\/i2.wp.com\\/kimmelpsychology.com\\/wp-content\\/uploads\\/2014\\/01\\/Logo.png?fit=682%2C178&ssl=1\",\"width\":682,\"height\":178,\"caption\":\"KimmelPsychology\"},\"image\":{\"@id\":\"https:\\\/\\\/kimmelpsychology.com\\\/es\\\/#\\\/schema\\\/logo\\\/image\\\/\"},\"sameAs\":[\"http:\\\/\\\/www.facebook.com\\\/KimmelPsychology\"]}]}<\/script>\n<!-- \/ Yoast SEO plugin. -->","yoast_head_json":{"title":"FORMULARIO DE INSCRIPCI\u00d3N E HISTORIAL - Espa\u00f1ol - Kimmel Psychology","description":"Joel I. Kimmel, Ph.D., P.A. and Associates - FORMULARIO DE INSCRIPCI\u00d3N E HISTORIAL - Espa\u00f1ol","robots":{"index":"noindex","follow":"follow"},"og_locale":"es_ES","og_type":"article","og_title":"FORMULARIO DE INSCRIPCI\u00d3N E HISTORIAL - Espa\u00f1ol - Kimmel Psychology","og_description":"Joel I. Kimmel, Ph.D., P.A. and Associates - FORMULARIO DE INSCRIPCI\u00d3N E HISTORIAL - Espa\u00f1ol","og_url":"https:\/\/kimmelpsychology.com\/es\/formulario-de-inscripcion-e-historial-espanol\/","og_site_name":"Kimmel Psychology","article_publisher":"http:\/\/www.facebook.com\/KimmelPsychology","article_modified_time":"2025-02-24T20:07:49+00:00","og_image":[{"width":960,"height":263,"url":"https:\/\/mlhtgnfxysf3.i.optimole.com\/w:auto\/h:auto\/q:mauto\/f:best\/https:\/\/kimmelpsychology.com\/wp-content\/uploads\/2014\/01\/banner_forms.jpg","type":"image\/jpeg"}],"schema":{"@context":"https:\/\/schema.org","@graph":[{"@type":"WebPage","@id":"https:\/\/kimmelpsychology.com\/es\/formulario-de-inscripcion-e-historial-espanol\/","url":"https:\/\/kimmelpsychology.com\/es\/formulario-de-inscripcion-e-historial-espanol\/","name":"FORMULARIO DE INSCRIPCI\u00d3N E HISTORIAL - Espa\u00f1ol - Kimmel Psychology","isPartOf":{"@id":"https:\/\/kimmelpsychology.com\/es\/#website"},"primaryImageOfPage":{"@id":"https:\/\/kimmelpsychology.com\/es\/formulario-de-inscripcion-e-historial-espanol\/#primaryimage"},"image":{"@id":"https:\/\/kimmelpsychology.com\/es\/formulario-de-inscripcion-e-historial-espanol\/#primaryimage"},"thumbnailUrl":"https:\/\/mlhtgnfxysf3.i.optimole.com\/w:auto\/h:auto\/q:mauto\/f:best\/https:\/\/kimmelpsychology.com\/wp-content\/uploads\/2014\/01\/banner_forms.jpg","datePublished":"2025-02-24T15:42:38+00:00","dateModified":"2025-02-24T20:07:49+00:00","description":"Joel I. Kimmel, Ph.D., P.A. and Associates - FORMULARIO DE INSCRIPCI\u00d3N E HISTORIAL - Espa\u00f1ol","breadcrumb":{"@id":"https:\/\/kimmelpsychology.com\/es\/formulario-de-inscripcion-e-historial-espanol\/#breadcrumb"},"inLanguage":"es","potentialAction":[{"@type":"ReadAction","target":["https:\/\/kimmelpsychology.com\/es\/formulario-de-inscripcion-e-historial-espanol\/"]}]},{"@type":"ImageObject","inLanguage":"es","@id":"https:\/\/kimmelpsychology.com\/es\/formulario-de-inscripcion-e-historial-espanol\/#primaryimage","url":"https:\/\/mlhtgnfxysf3.i.optimole.com\/w:auto\/h:auto\/q:mauto\/f:best\/https:\/\/kimmelpsychology.com\/wp-content\/uploads\/2014\/01\/banner_forms.jpg","contentUrl":"https:\/\/mlhtgnfxysf3.i.optimole.com\/w:auto\/h:auto\/q:mauto\/f:best\/https:\/\/kimmelpsychology.com\/wp-content\/uploads\/2014\/01\/banner_forms.jpg","width":960,"height":263},{"@type":"BreadcrumbList","@id":"https:\/\/kimmelpsychology.com\/es\/formulario-de-inscripcion-e-historial-espanol\/#breadcrumb","itemListElement":[{"@type":"ListItem","position":1,"name":"Inicio","item":"https:\/\/kimmelpsychology.com\/es\/kimmelhogar\/"},{"@type":"ListItem","position":2,"name":"FORMULARIO DE INSCRIPCI\u00d3N E HISTORIAL &#8211; Espa\u00f1ol"}]},{"@type":"WebSite","@id":"https:\/\/kimmelpsychology.com\/es\/#website","url":"https:\/\/kimmelpsychology.com\/es\/","name":"Kimmel Psychology","description":"Providing Psychological Services for Over 45 Years","publisher":{"@id":"https:\/\/kimmelpsychology.com\/es\/#organization"},"potentialAction":[{"@type":"SearchAction","target":{"@type":"EntryPoint","urlTemplate":"https:\/\/kimmelpsychology.com\/es\/?s={search_term_string}"},"query-input":{"@type":"PropertyValueSpecification","valueRequired":true,"valueName":"search_term_string"}}],"inLanguage":"es"},{"@type":"Organization","@id":"https:\/\/kimmelpsychology.com\/es\/#organization","name":"KimmelPsychology","url":"https:\/\/kimmelpsychology.com\/es\/","logo":{"@type":"ImageObject","inLanguage":"es","@id":"https:\/\/kimmelpsychology.com\/es\/#\/schema\/logo\/image\/","url":"https:\/\/mlhtgnfxysf3.i.optimole.com\/w:auto\/h:auto\/q:mauto\/f:best\/https:\/\/i2.wp.com\/kimmelpsychology.com\/wp-content\/uploads\/2014\/01\/Logo.png?fit=682%2C178&ssl=1","contentUrl":"https:\/\/mlhtgnfxysf3.i.optimole.com\/w:auto\/h:auto\/q:mauto\/f:best\/https:\/\/i2.wp.com\/kimmelpsychology.com\/wp-content\/uploads\/2014\/01\/Logo.png?fit=682%2C178&ssl=1","width":682,"height":178,"caption":"KimmelPsychology"},"image":{"@id":"https:\/\/kimmelpsychology.com\/es\/#\/schema\/logo\/image\/"},"sameAs":["http:\/\/www.facebook.com\/KimmelPsychology"]}]}},"_links":{"self":[{"href":"https:\/\/kimmelpsychology.com\/es\/wp-json\/wp\/v2\/pages\/9972","targetHints":{"allow":["GET"]}}],"collection":[{"href":"https:\/\/kimmelpsychology.com\/es\/wp-json\/wp\/v2\/pages"}],"about":[{"href":"https:\/\/kimmelpsychology.com\/es\/wp-json\/wp\/v2\/types\/page"}],"author":[{"embeddable":true,"href":"https:\/\/kimmelpsychology.com\/es\/wp-json\/wp\/v2\/users\/7"}],"replies":[{"embeddable":true,"href":"https:\/\/kimmelpsychology.com\/es\/wp-json\/wp\/v2\/comments?post=9972"}],"version-history":[{"count":3,"href":"https:\/\/kimmelpsychology.com\/es\/wp-json\/wp\/v2\/pages\/9972\/revisions"}],"predecessor-version":[{"id":9981,"href":"https:\/\/kimmelpsychology.com\/es\/wp-json\/wp\/v2\/pages\/9972\/revisions\/9981"}],"wp:featuredmedia":[{"embeddable":true,"href":"https:\/\/kimmelpsychology.com\/es\/wp-json\/wp\/v2\/media\/8902"}],"wp:attachment":[{"href":"https:\/\/kimmelpsychology.com\/es\/wp-json\/wp\/v2\/media?parent=9972"}],"curies":[{"name":"wp","href":"https:\/\/api.w.org\/{rel}","templated":true}]}}